{"id":160,"date":"2017-05-29T12:54:42","date_gmt":"2017-05-29T12:54:42","guid":{"rendered":"http:\/\/www.fipte-group.it\/motorielettrici\/?post_type=product&#038;p=160"},"modified":"2017-06-09T07:45:22","modified_gmt":"2017-06-09T07:45:22","slug":"giunti-di-limitatori-di-coppia","status":"publish","type":"product","link":"https:\/\/www.fipte-group.it\/motorielettrici\/prodotto\/giunti-di-limitatori-di-coppia\/","title":{"rendered":"Giunti di limitatori di coppia"},"content":{"rendered":"","protected":false},"excerpt":{"rendered":"<p>Il\u00a0limitatore di coppia\u00a0o giunto di sicurezza meccanico \u00e8 un dispositivo che permette di ridurre i problemi di rotture.<\/p>\n<p>Per effettuare una giusta scelta \u00e8 bene conoscere i valori di coppia occorrenti, nonch\u00e9 le eventuali irregolarit\u00e0 del ciclo di lavoro e le possibili variazioni delle coppie in gioco.<\/p>\n<p>Oggi abbiamo a disposizione una vasta gamma di prodotti che partono dal pi\u00f9 semplice a dischi di frizione a slittamento, a quelli pi\u00f9 evoluti a sfere con fase meccanici e pneumatici.<\/p>\n","protected":false},"featured_media":161,"comment_status":"closed","ping_status":"closed","template":"","meta":[],"pwb-brand":[],"product_brand":[],"product_cat":[27],"product_tag":[],"class_list":{"0":"post-160","1":"product","2":"type-product","3":"status-publish","4":"has-post-thumbnail","6":"product_cat-organi-di-trasmissione","8":"first","9":"instock","10":"shipping-taxable","11":"product-type-simple"},"brands":[],"_links":{"self":[{"href":"https:\/\/www.fipte-group.it\/motorielettrici\/wp-json\/wp\/v2\/product\/160","targetHints":{"allow":["GET"]}}],"collection":[{"href":"https:\/\/www.fipte-group.it\/motorielettrici\/wp-json\/wp\/v2\/product"}],"about":[{"href":"https:\/\/www.fipte-group.it\/motorielettrici\/wp-json\/wp\/v2\/types\/product"}],"replies":[{"embeddable":true,"href":"https:\/\/www.fipte-group.it\/motorielettrici\/wp-json\/wp\/v2\/comments?post=160"}],"wp:featuredmedia":[{"embeddable":true,"href":"https:\/\/www.fipte-group.it\/motorielettrici\/wp-json\/wp\/v2\/media\/161"}],"wp:attachment":[{"href":"https:\/\/www.fipte-group.it\/motorielettrici\/wp-json\/wp\/v2\/media?parent=160"}],"wp:term":[{"taxonomy":"pwb-brand","embeddable":true,"href":"https:\/\/www.fipte-group.it\/motorielettrici\/wp-json\/wp\/v2\/pwb-brand?post=160"},{"taxonomy":"product_brand","embeddable":true,"href":"https:\/\/www.fipte-group.it\/motorielettrici\/wp-json\/wp\/v2\/product_brand?post=160"},{"taxonomy":"product_cat","embeddable":true,"href":"https:\/\/www.fipte-group.it\/motorielettrici\/wp-json\/wp\/v2\/product_cat?post=160"},{"taxonomy":"product_tag","embeddable":true,"href":"https:\/\/www.fipte-group.it\/motorielettrici\/wp-json\/wp\/v2\/product_tag?post=160"}],"curies":[{"name":"wp","href":"https:\/\/api.w.org\/{rel}","templated":true}]}}